{"id":656,"date":"2019-03-20T13:16:43","date_gmt":"2019-03-20T18:16:43","guid":{"rendered":"http:\/\/www.munihuancavelica.gob.pe\/es\/?page_id=656"},"modified":"2024-05-09T11:24:01","modified_gmt":"2024-05-09T16:24:01","slug":"alcalde-provincial-2","status":"publish","type":"page","link":"https:\/\/www.munihuancavelica.gob.pe\/?page_id=656","title":{"rendered":"INFORMACI\u00d3N GENERAL"},"content":{"rendered":"<p>[vc_row][vc_column]<div class=\"container \">[vc_row_inner css=\u00bb.vc_custom_1548948449482{padding-top: 30px !important;padding-bottom: 30px !important;}\u00bb][vc_column_inner width=\u00bb2\/3&#8243;]<div class=\"heading text-left\"><div class=\"heading_border bg_red\"><\/div><h2>INFORMACI\u00d3N  <span class=\"color_red\">GENERAL<\/span><\/h2><\/div>[vc_empty_space height=\u00bb20px\u00bb][\/vc_column_inner][\/vc_row_inner][vc_row_inner][vc_column_inner width=\u00bb2\/3&#8243;][vc_single_image image=\u00bb1141&#8243; img_size=\u00bbfull\u00bb alignment=\u00bbcenter\u00bb][vc_column_text]El departamento de Huancavelica presenta una geograf\u00eda accidentada y abrupta, pero que dentro de ella encierra los paisajes m\u00e1s impresionantes del pa\u00eds. En todo el departamento encontramos varios pisos altitudinales, desde los 1,950 msnm. en sus valles, hasta los 5,000 msnm. en sus altas cumbres y agrestes picachos cubiertos de nieve, que se yerguen reflejados en los espejos de sus silenciosas lagunas cristalinas, ofreciendo bell\u00edsimos paisajes que impresionan profundamente a cualquier viajero que los contempla.<\/p>\n<p>Majestuosos nevados cuyas entra\u00f1as atesoran los metales m\u00e1s preciados por el hombre y de los cuales brotan sus fuentes termales de grandes virtudes medicinales. La parte central es travesada en direccion NO a SE por el gran eje de la Cadena occidental Andina, conocido como la \u201cCordillera de Chonta\u201d, formada por una secuencia de elevaciones y picos nevados que alimentan las lagunas, entre los que destacan los nevados Citaq (5,328 msnm), Huamanrazo (5,298 msnm.) y Altar (5,268 msnm.).<\/p>\n<p>Policrom\u00eda del verdor de los cultivos en sus valles y quebradas, bosques de rocas fascinantes, con caprichosas formaciones que hacen dudar a uno como han sido hechos.<\/p>\n<p>Susurrantes r\u00edos que corren abundantes, rompiendo el silencio de sus hermosos parajes, dentro de sus inmensos llanos desolados que construyen un gran atractivo tur\u00edstico.[\/vc_column_text][vc_raw_html]JTNDdGFibGUlMjBjbGFzcyUzRCUyMnRhYmxlJTIyJTNFJTBBJTNDdHIlM0UlMEElMjAlMjAlM0N0aCUyMGNvbHNwYW4lM0QyJTNFREFUT1MlMjBHRU5FUkFMRVMlMjBZJTIwVUJJQ0FDSSVDMyU5M04lMjBHRU9HUiVDMyU4MUZJQ0ElM0MlMkZ0aCUzRSUwQSUzQyUyRnRyJTNFJTBBJTNDdHIlM0UlMEElMjAlMjAlM0N0ZCUzRUZlY2hhJTIwZGUlMjBDcmVhY2klQzMlQjNuJTNDJTJGdGQlM0UlMEElMjAlMjAlM0N0ZCUzRTA0JTIwZGUlMjBhZ29zdG8lMjBkZSUyMDE1NzElM0MlMkZ0ZCUzRSUwQSUzQyUyRnRyJTNFJTBBJTNDdHIlM0UlMEElMjAlMjAlM0N0ZCUzRVBvYmxhY2klQzMlQjNuJTIwYWwlMjAyMDA3JTIwJTI4UHJvdmluY2lhJTI5JTNDJTJGdGQlM0UlMEElMjAlMjAlM0N0ZCUzRVVyYmFubyUzQSUyMDU5JTJDNDM1JTIwUnVyYWwlM0ElMjA3NyUyQzU0MCUzQyUyRnRkJTNFJTBBJTNDJTJGdHIlM0UlMEElM0N0ciUzRSUwQSUyMCUyMCUzQ3RkJTNFU3VwZXJmaWNpZSUzQyUyRnRkJTNFJTBBJTIwJTIwJTNDdGQlM0UyMiUyQzEzMS40NyUyMEttMiUzQyUyRnRkJTNFJTBBJTNDJTJGdHIlM0UlMEElM0N0ciUzRSUwQSUyMCUyMCUzQ3RkJTNFQ2xpbWElM0MlMkZ0ZCUzRSUwQSUyMCUyMCUzQ3RkJTNFNSVDMiVCMEMlMjBhJTIwMTglQzIlQjBDLiUyMFRlbXBlcmF0dXJhJTIwQW51YWwlM0MlMkZ0ZCUzRSUwQSUzQyUyRnRyJTNFJTBBJTNDdHIlM0UlMEElMjAlMjAlM0N0ZCUzRUFsdGl0dWQlM0MlMkZ0ZCUzRSUwQSUyMCUyMCUzQ3RkJTNFMSUyQzk1MCUyMHklMjBsb3MlMjA0JTJDNTAwJTIwbXNubSUzQyUyRnRkJTNFJTBBJTNDJTJGdHIlM0UlMEElM0N0ciUzRSUwQSUyMCUyMCUzQ3RkJTNFTGF0aXR1ZCUzQyUyRnRkJTNFJTBBJTIwJTIwJTNDdGQlM0UxMSVDMiVCMDE2JTI3MTAlMjclMjclMjB5JTIwMTQlQzIlQjAwNyUyNzQzJTI3JTI3JTNDJTJGdGQlM0UlMEElM0MlMkZ0ciUzRSUwQSUzQ3RyJTNFJTBBJTIwJTIwJTNDdGQlM0VMb25naXR1ZCUzQyUyRnRkJTNFJTBBJTIwJTIwJTNDdGQlM0U3NCVDMiVCMDE2JTI3JTIweSUyMDc1JUMyJUIwNDclMjclM0MlMkZ0ZCUzRSUwQSUzQyUyRnRyJTNFJTBBJTNDJTJGdGFibGUlM0U=[\/vc_raw_html][vc_raw_html]JTNDdGFibGUlMjBjbGFzcyUzRCUyMnRhYmxlJTIyJTNFJTBBJTNDdHIlM0UlMEElMjAlMjAlM0N0aCUyMGNvbHNwYW4lM0QyJTNFTCVDMyU4RE1JVEUlMjBURVJSSVRPUklBTCUzQyUyRnRoJTNFJTBBJTNDJTJGdHIlM0UlMEElM0N0ciUzRSUwQSUyMCUyMCUzQ3RkJTNFUG9yJTIwZWwlMjBFc3RlJTNDJTJGdGQlM0UlMEElMjAlMjAlM0N0ZCUzRVByb3ZpbmNpYSUyMGRlJTIwQWNvYmFtYmElM0MlMkZ0ZCUzRSUwQSUzQyUyRnRyJTNFJTBBJTNDdHIlM0UlMEElMjAlMjAlM0N0ZCUzRVBvciUyMGVsJTIwT2VzdGUlM0MlMkZ0ZCUzRSUwQSUyMCUyMCUzQ3RkJTNFUHJvdmluY2lhJTIwZGUlMjBDYXN0cm92aXJyZXluYSUzQyUyRnRkJTNFJTBBJTNDJTJGdHIlM0UlMEElM0N0ciUzRSUwQSUyMCUyMCUzQ3RkJTNFUG9yJTIwZWwlMjBOb3J0ZSUzQyUyRnRkJTNFJTBBJTIwJTIwJTNDdGQlM0VQcm92aW5jaWElMjBkZSUyMFRheWFjYWphJTNDJTJGdGQlM0UlMEElM0MlMkZ0ciUzRSUwQSUzQ3RyJTNFJTBBJTIwJTIwJTNDdGQlM0VQb3IlMjBlbCUyMFN1ciUzQyUyRnRkJTNFJTBBJTIwJTIwJTNDdGQlM0VQcm92aW5jaWElMjBkZSUyMEh1YXl0YXJhJTIweSUyMEFuZ2FyYWVzJTNDJTJGdGQlM0UlMEElM0MlMkZ0ciUzRSUwQSUzQyUyRnRhYmxlJTNF[\/vc_raw_html][vc_raw_html]JTNDaDMlMjBjbGFzcyUzRCUyMnN1YnRpdHVsbyUyMiUzRUNsaW1hJTNDJTJGaDMlM0U=[\/vc_raw_html][vc_column_text]La ciudad de Huancavelica tiene un clima en la que predomina el fr\u00edo soportable, con amplia oscilaci\u00f3n entre el d\u00eda y la noche, entre el sol y la sombra. Especialmente la estaci\u00f3n h\u00fameda comprende los meses de noviembre a abril y la estaci\u00f3n seca de mayo a octubre, que es la mejor temporada para visitar Huancavelica.<\/p>\n<p>Su temperatura media horaria es de 9 a 11 grados con variaciones a lo largo del a\u00f1o, siendo la temperatura m\u00e1xima 20 grados cent\u00edgrados y la temperatura m\u00ednima 6 cent\u00edgrados.<\/p>\n<p>El relieve del territorio huancavelicano ejerce una marcada influencia sobre la din\u00e1mica del clima, modific\u00e1ndola de distintas maneras.<\/p>\n<p>A mayor altitud el clima es fr\u00edo, muy seco, con fuertes variaciones de temperatura entre el d\u00eda y la noche, frecuencia de heladas, presencia de hielo y granizo.<\/p>\n<p>El clima por el l\u00edmite de Ica es \u00e1rido y h\u00famedo. Las que pertenecen a la vertiente oriental, predominan las zonas h\u00famedas; las de la vertiente occidental, presentan zonas denominadas bosque.<\/p>\n<p>Durante el a\u00f1o, se distinguen \u00e9pocas diversas; as\u00ed, distinguimos la \u00e9poca bien definida de lluvias (noviembre a abril); una \u00e9poca intermedia al inicio de las lluvias (setiembre) y al final de las lluvias de mayo, y una \u00e9poca seca (junio a setiembre). Sin embargo las variaciones en cuanto a las precipitaciones, ocurre no solo en el a\u00f1o, sino entre los a\u00f1os, ya que pueden presentarse a\u00f1os con condiciones secas, intermedias y lluviosas.[\/vc_column_text][vc_raw_html]JTNDaDMlMjBjbGFzcyUzRCUyMnN1YnRpdHVsbyUyMiUzRVBvYmxhY2klQzMlQjNuJTNDJTJGaDMlM0U=[\/vc_raw_html][vc_column_text]De acuerdo con los resultados del censo 2017, la Provincia de Huancavelica tiene una poblaci\u00f3n de&nbsp;115 mil 54 personas, agrupando la tercera parte de la poblaci\u00f3n del departamento (33,0%).<\/p>\n<p>Fuente: INEI Censos Nacionales de Poblaci\u00f3n y Vivienda 2007 y 2017[\/vc_column_text]<div class=\"heading text-left\"><div class=\"heading_border bg_red\"><\/div><h2>V\u00cdAS DE <span class=\"color_red\"> ACCESO<\/span><\/h2><\/div>[vc_empty_space][vc_raw_html]JTNDaDMlMjBjbGFzcyUzRCUyMnN1YnRpdHVsbyUyMiUzRVByaW1lcmElMjBSdXRhJTNDJTJGaDMlM0U=[\/vc_raw_html][vc_column_text]En dos Etapas: Partiendo por carretera desde la ciudad de Lima hacia la ciudad de Huancayo(300 Km. aproximadamente); luego una segunda etapa que dura unas 5 horas, esto es por v\u00eda f\u00e9rrea (128 Km. aproximadamente), partiendo de la estaci\u00f3n de Chilca en Huancayo, va por la quebrada del r\u00edo Mantaro, encontr\u00e1ndose con la carretera en el pintoresco pueblo de Izcuchaca, famoso por su puente sobre el Mantaro y que es una reliquia de nuestra historia.<\/p>\n<p>La ruta sigue verdeante y coquetona, pasando por La Mejorada, Acoria y Yauli, para finalmente culminar en Huancavelica.[\/vc_column_text][vc_raw_html]JTNDaDMlMjBjbGFzcyUzRCUyMnN1YnRpdHVsbyUyMiUzRVNlZ3VuZGElMjBSdXRhJTNDJTJGaDMlM0U=[\/vc_raw_html][vc_column_text]Por carretera, Lima-Huancayo-Huancavelica, con una distancia de 457 Kms, los que los hace en 10 horas en \u00f3mnibus. Ahora se cuenta con una carretera asfaltada de la Ciudad de Lima hasta Huancavelica.[\/vc_column_text][vc_raw_html]JTNDaDMlMjBjbGFzcyUzRCUyMnN1YnRpdHVsbyUyMiUzRVRlcmNlcmElMjBSdXRhJTNDJTJGaDMlM0U=[\/vc_raw_html][vc_column_text]Lima\u2013Pisco\u2013Huancavelica, por la Panamericana Sur hasta el Km 231, donde se toma la variante por el puente Huamal\u00ed, en una carretera afirmada de 268 Kms. hasta Huancavelica, gran parte de este recorrido se hace por V\u00eda los Libertadores, hasta Rumichaca por una carretera asfaltada; de all\u00ed por adelante es una carretera afirmada la cual une Castrovirreyna con Huancavelica, esta ruta no hace llegar a Huaytar\u00e1, interesante sede arqueol\u00f3gica.<\/p>\n<p>Tambi\u00e9n podremos apreciar el hermoso manto de lagunas.[\/vc_column_text][vc_raw_html]JTNDaDMlMjBjbGFzcyUzRCUyMnN1YnRpdHVsbyUyMiUzRUN1YXJ0YSUyMFJ1dGElM0MlMkZoMyUzRQ==[\/vc_raw_html][vc_column_text]Esta ruta es mixta, es decir de Lima a Ayacucho por avi\u00f3n y Ayacucho-Huancavelica por carretera, todo este recorrido se puede cubrir en solo 5 horas y media, el vuelo dura 20 minutos y el viaje por carretera 5 horas pasando por Rumichaca, Santa In\u00e9s y Lachocc.<\/p>\n<p>Estas dos \u00faltimas rutas pasan por la cordillera de Chonta y bordeando las Lagunas de Choclococha, Pultocc, Orcococha, San Francisco, etc., tambi\u00e9n se divisan algunos nevados como el famoso Huamanrazo de 5,303 metros de elevaci\u00f3n.[\/vc_column_text][\/vc_column_inner][vc_column_inner width=\u00bb1\/3&#8243;][\/vc_column_inner][\/vc_row_inner]<\/div>[\/vc_column][\/vc_row]<\/p>","protected":false},"excerpt":{"rendered":"<p>[vc_row][vc_column][\/vc_column][\/vc_row]<\/p>","protected":false},"author":6,"featured_media":0,"parent":0,"menu_order":0,"comment_status":"closed","ping_status":"closed","template":"","meta":{"_acf_changed":false,"footnotes":""},"class_list":["post-656","page","type-page","status-publish","hentry"],"acf":[],"_links":{"self":[{"href":"https:\/\/www.munihuancavelica.gob.pe\/index.php?rest_route=\/wp\/v2\/pages\/656","targetHints":{"allow":["GET"]}}],"collection":[{"href":"https:\/\/www.munihuancavelica.gob.pe\/index.php?rest_route=\/wp\/v2\/pages"}],"about":[{"href":"https:\/\/www.munihuancavelica.gob.pe\/index.php?rest_route=\/wp\/v2\/types\/page"}],"author":[{"embeddable":true,"href":"https:\/\/www.munihuancavelica.gob.pe\/index.php?rest_route=\/wp\/v2\/users\/6"}],"replies":[{"embeddable":true,"href":"https:\/\/www.munihuancavelica.gob.pe\/index.php?rest_route=%2Fwp%2Fv2%2Fcomments&post=656"}],"version-history":[{"count":20,"href":"https:\/\/www.munihuancavelica.gob.pe\/index.php?rest_route=\/wp\/v2\/pages\/656\/revisions"}],"predecessor-version":[{"id":12899,"href":"https:\/\/www.munihuancavelica.gob.pe\/index.php?rest_route=\/wp\/v2\/pages\/656\/revisions\/12899"}],"wp:attachment":[{"href":"https:\/\/www.munihuancavelica.gob.pe\/index.php?rest_route=%2Fwp%2Fv2%2Fmedia&parent=656"}],"curies":[{"name":"wp","href":"https:\/\/api.w.org\/{rel}","templated":true}]}}