{"id":678,"date":"2019-03-20T16:59:52","date_gmt":"2019-03-20T21:59:52","guid":{"rendered":"http:\/\/www.munihuancavelica.gob.pe\/es\/?page_id=678"},"modified":"2024-05-09T11:24:13","modified_gmt":"2024-05-09T16:24:13","slug":"informacion-general","status":"publish","type":"page","link":"https:\/\/www.munihuancavelica.gob.pe\/?page_id=678","title":{"rendered":"HISTORIA DE HUANCAVELICA"},"content":{"rendered":"<div data-elementor-type=\"wp-page\" data-elementor-id=\"678\" class=\"elementor elementor-678\" data-elementor-post-type=\"page\">\n\t\t\t\t\t\t<section class=\"elementor-section elementor-top-section elementor-element elementor-element-47d197f elementor-section-boxed elementor-section-height-default elementor-section-height-default\" data-id=\"47d197f\" data-element_type=\"section\">\n\t\t\t\t\t\t<div class=\"elementor-container elementor-column-gap-default\">\n\t\t\t\t\t<div class=\"elementor-column elementor-col-100 elementor-top-column elementor-element elementor-element-79f941c6\" data-id=\"79f941c6\" data-element_type=\"column\">\n\t\t\t<div class=\"elementor-widget-wrap\">\n\t\t\t\t\t\t\t<\/div>\n\t\t<\/div>\n\t\t\t\t\t<\/div>\n\t\t<\/section>\n\t\t\t\t<section class=\"elementor-section elementor-top-section elementor-element elementor-element-f812b43 elementor-section-boxed elementor-section-height-default elementor-section-height-default\" data-id=\"f812b43\" data-element_type=\"section\">\n\t\t\t\t\t\t<div class=\"elementor-container elementor-column-gap-default\">\n\t\t\t\t\t<div class=\"elementor-column elementor-col-100 elementor-top-column elementor-element elementor-element-573bac6\" data-id=\"573bac6\" data-element_type=\"column\">\n\t\t\t<div class=\"elementor-widget-wrap\">\n\t\t\t\t\t\t\t<\/div>\n\t\t<\/div>\n\t\t\t\t\t<\/div>\n\t\t<\/section>\n\t\t\t\t<section class=\"elementor-section elementor-top-section elementor-element elementor-element-5e0a729 elementor-section-boxed elementor-section-height-default elementor-section-height-default\" data-id=\"5e0a729\" data-element_type=\"section\">\n\t\t\t\t\t\t<div class=\"elementor-container elementor-column-gap-default\">\n\t\t\t\t\t<div class=\"elementor-column elementor-col-100 elementor-top-column elementor-element elementor-element-d33c0fd\" data-id=\"d33c0fd\" data-element_type=\"column\">\n\t\t\t<div class=\"elementor-widget-wrap elementor-element-populated\">\n\t\t\t\t\t\t<div class=\"elementor-element elementor-element-b38adb0 elementor-widget elementor-widget-gallery\" data-id=\"b38adb0\" data-element_type=\"widget\" data-settings=\"{&quot;gap&quot;:{&quot;unit&quot;:&quot;px&quot;,&quot;size&quot;:24,&quot;sizes&quot;:[]},&quot;lazyload&quot;:&quot;yes&quot;,&quot;gallery_layout&quot;:&quot;grid&quot;,&quot;columns&quot;:4,&quot;columns_tablet&quot;:2,&quot;columns_mobile&quot;:1,&quot;gap_tablet&quot;:{&quot;unit&quot;:&quot;px&quot;,&quot;size&quot;:10,&quot;sizes&quot;:[]},&quot;gap_mobile&quot;:{&quot;unit&quot;:&quot;px&quot;,&quot;size&quot;:10,&quot;sizes&quot;:[]},&quot;link_to&quot;:&quot;file&quot;,&quot;aspect_ratio&quot;:&quot;3:2&quot;,&quot;overlay_background&quot;:&quot;yes&quot;,&quot;content_hover_animation&quot;:&quot;fade-in&quot;}\" data-widget_type=\"gallery.default\">\n\t\t\t\t<div class=\"elementor-widget-container\">\n\t\t\t\t\t<div class=\"elementor-gallery__container\">\n\t\t\t\t\t\t\t<a class=\"e-gallery-item elementor-gallery-item elementor-animated-content\" href=\"https:\/\/www.munihuancavelica.gob.pe\/wp-content\/uploads\/2024\/05\/173973688_2545873732373209_8687649789635509245_n.jpg\" data-elementor-open-lightbox=\"yes\" data-elementor-lightbox-slideshow=\"b38adb0\" data-elementor-lightbox-title=\"173973688_2545873732373209_8687649789635509245_n\" data-e-action-hash=\"#elementor-action%3Aaction%3Dlightbox%26settings%3DeyJpZCI6MTI3OTAsInVybCI6Imh0dHBzOlwvXC93d3cubXVuaWh1YW5jYXZlbGljYS5nb2IucGVcL3dwLWNvbnRlbnRcL3VwbG9hZHNcLzIwMjRcLzA1XC8xNzM5NzM2ODhfMjU0NTg3MzczMjM3MzIwOV84Njg3NjQ5Nzg5NjM1NTA5MjQ1X24uanBnIiwic2xpZGVzaG93IjoiYjM4YWRiMCJ9\">\n\t\t\t\t\t<div class=\"e-gallery-image elementor-gallery-item__image\" data-thumbnail=\"https:\/\/www.munihuancavelica.gob.pe\/wp-content\/uploads\/2024\/05\/173973688_2545873732373209_8687649789635509245_n-300x235.jpg\" data-width=\"300\" data-height=\"235\" aria-label=\"\" role=\"img\" ><\/div>\n\t\t\t\t\t\t\t\t\t\t\t<div class=\"elementor-gallery-item__overlay\"><\/div>\n\t\t\t\t\t\t\t\t\t\t\t\t\t\t<\/a>\n\t\t\t\t\t\t\t<a class=\"e-gallery-item elementor-gallery-item elementor-animated-content\" href=\"https:\/\/www.munihuancavelica.gob.pe\/wp-content\/uploads\/2024\/05\/M4JAIAWISZBUXDNR5GE2UDJAFU-1.jpg\" data-elementor-open-lightbox=\"yes\" data-elementor-lightbox-slideshow=\"b38adb0\" data-elementor-lightbox-title=\"M4JAIAWISZBUXDNR5GE2UDJAFU\" data-e-action-hash=\"#elementor-action%3Aaction%3Dlightbox%26settings%3DeyJpZCI6MTI3OTIsInVybCI6Imh0dHBzOlwvXC93d3cubXVuaWh1YW5jYXZlbGljYS5nb2IucGVcL3dwLWNvbnRlbnRcL3VwbG9hZHNcLzIwMjRcLzA1XC9NNEpBSUFXSVNaQlVYRE5SNUdFMlVESkFGVS0xLmpwZyIsInNsaWRlc2hvdyI6ImIzOGFkYjAifQ%3D%3D\">\n\t\t\t\t\t<div class=\"e-gallery-image elementor-gallery-item__image\" data-thumbnail=\"https:\/\/www.munihuancavelica.gob.pe\/wp-content\/uploads\/2024\/05\/M4JAIAWISZBUXDNR5GE2UDJAFU-1-300x171.jpg\" data-width=\"300\" data-height=\"171\" aria-label=\"\" role=\"img\" ><\/div>\n\t\t\t\t\t\t\t\t\t\t\t<div class=\"elementor-gallery-item__overlay\"><\/div>\n\t\t\t\t\t\t\t\t\t\t\t\t\t\t<\/a>\n\t\t\t\t\t\t\t<a class=\"e-gallery-item elementor-gallery-item elementor-animated-content\" href=\"https:\/\/www.munihuancavelica.gob.pe\/wp-content\/uploads\/2024\/05\/11265557_1600431423538500_7673266504686876559_n.jpg\" data-elementor-open-lightbox=\"yes\" data-elementor-lightbox-slideshow=\"b38adb0\" data-elementor-lightbox-title=\"11265557_1600431423538500_7673266504686876559_n\" data-e-action-hash=\"#elementor-action%3Aaction%3Dlightbox%26settings%3DeyJpZCI6MTI3OTMsInVybCI6Imh0dHBzOlwvXC93d3cubXVuaWh1YW5jYXZlbGljYS5nb2IucGVcL3dwLWNvbnRlbnRcL3VwbG9hZHNcLzIwMjRcLzA1XC8xMTI2NTU1N18xNjAwNDMxNDIzNTM4NTAwXzc2NzMyNjY1MDQ2ODY4NzY1NTlfbi5qcGciLCJzbGlkZXNob3ciOiJiMzhhZGIwIn0%3D\">\n\t\t\t\t\t<div class=\"e-gallery-image elementor-gallery-item__image\" data-thumbnail=\"https:\/\/www.munihuancavelica.gob.pe\/wp-content\/uploads\/2024\/05\/11265557_1600431423538500_7673266504686876559_n-300x178.jpg\" data-width=\"300\" data-height=\"178\" aria-label=\"\" role=\"img\" ><\/div>\n\t\t\t\t\t\t\t\t\t\t\t<div class=\"elementor-gallery-item__overlay\"><\/div>\n\t\t\t\t\t\t\t\t\t\t\t\t\t\t<\/a>\n\t\t\t\t\t\t\t<a class=\"e-gallery-item elementor-gallery-item elementor-animated-content\" href=\"https:\/\/www.munihuancavelica.gob.pe\/wp-content\/uploads\/2024\/05\/18057668_1278157062240165_7087275157028044750_n.jpg\" data-elementor-open-lightbox=\"yes\" data-elementor-lightbox-slideshow=\"b38adb0\" data-elementor-lightbox-title=\"18057668_1278157062240165_7087275157028044750_n\" data-e-action-hash=\"#elementor-action%3Aaction%3Dlightbox%26settings%3DeyJpZCI6MTI3OTQsInVybCI6Imh0dHBzOlwvXC93d3cubXVuaWh1YW5jYXZlbGljYS5nb2IucGVcL3dwLWNvbnRlbnRcL3VwbG9hZHNcLzIwMjRcLzA1XC8xODA1NzY2OF8xMjc4MTU3MDYyMjQwMTY1XzcwODcyNzUxNTcwMjgwNDQ3NTBfbi5qcGciLCJzbGlkZXNob3ciOiJiMzhhZGIwIn0%3D\">\n\t\t\t\t\t<div class=\"e-gallery-image elementor-gallery-item__image\" data-thumbnail=\"https:\/\/www.munihuancavelica.gob.pe\/wp-content\/uploads\/2024\/05\/18057668_1278157062240165_7087275157028044750_n-300x185.jpg\" data-width=\"300\" data-height=\"185\" aria-label=\"\" role=\"img\" ><\/div>\n\t\t\t\t\t\t\t\t\t\t\t<div class=\"elementor-gallery-item__overlay\"><\/div>\n\t\t\t\t\t\t\t\t\t\t\t\t\t\t<\/a>\n\t\t\t\t\t<\/div>\n\t\t\t<\/div>\n\t\t\t\t<\/div>\n\t\t\t\t\t<\/div>\n\t\t<\/div>\n\t\t\t\t\t<\/div>\n\t\t<\/section>\n\t\t\t\t<section class=\"elementor-section elementor-top-section elementor-element elementor-element-c66021a elementor-section-boxed elementor-section-height-default elementor-section-height-default\" data-id=\"c66021a\" data-element_type=\"section\">\n\t\t\t\t\t\t<div class=\"elementor-container elementor-column-gap-default\">\n\t\t\t\t\t<div class=\"elementor-column elementor-col-100 elementor-top-column elementor-element elementor-element-2d7de96\" data-id=\"2d7de96\" data-element_type=\"column\">\n\t\t\t<div class=\"elementor-widget-wrap elementor-element-populated\">\n\t\t\t\t\t\t<div class=\"elementor-element elementor-element-2405054 e-transform elementor-invisible elementor-widget elementor-widget-heading\" data-id=\"2405054\" data-element_type=\"widget\" data-settings=\"{&quot;_animation&quot;:&quot;fadeIn&quot;,&quot;_transform_rotateZ_effect_hover&quot;:{&quot;unit&quot;:&quot;px&quot;,&quot;size&quot;:2,&quot;sizes&quot;:[]},&quot;_transform_rotateZ_effect_hover_tablet&quot;:{&quot;unit&quot;:&quot;deg&quot;,&quot;size&quot;:&quot;&quot;,&quot;sizes&quot;:[]},&quot;_transform_rotateZ_effect_hover_mobile&quot;:{&quot;unit&quot;:&quot;deg&quot;,&quot;size&quot;:&quot;&quot;,&quot;sizes&quot;:[]}}\" data-widget_type=\"heading.default\">\n\t\t\t\t<div class=\"elementor-widget-container\">\n\t\t\t<h2 class=\"elementor-heading-title elementor-size-default\"><strong style=\"color: rgb(153, 0, 107);\">La Regi\u00f3n de Huancavelica se encuentra ubicada en plena sierra sur-central del Per\u00fa. Presenta una topograf\u00eda accidentada que la ubica encerrada entre altas monta\u00f1as y cumbres cubiertas de nieve, rodeada de desiertas punas, lagunas solitarias y bellas. La inmensa riqueza que guarda sus entradas la hacen importante en cuanto a explotaci\u00f3n minera. Limita con la regi\u00f3n Lima, Ica, Jun\u00edn y Ayacucho.<\/strong><p><span style=\"color: #99006b;\"><strong>La regi\u00f3n donde hoy se levanta Huancavelica fue dominada en sus ancestros por los huancas. Durante la \u00e9poca incaica fue objeto de disputas con los chancas. Seg\u00fan algunos historiadores, fue dividida en tres partes a las que denominaron Jauja, Marcavilca y Llacsapallanca; esta \u00faltima se llamar\u00e1 Huancavelica durante la llegada de los espa\u00f1oles.<\/strong><\/span><\/p><p><span style=\"color: #99006b;\"><strong>Huancavelica&nbsp;fue fundada un 04 de agosto de 1571 por Real C\u00e9dula del Virrey Toledo, quien dispuso esta creaci\u00f3n a raz\u00f3n de las minas de azogue de las minas de Santa B\u00e1rbara en el territorio del&nbsp;Casique \u00d1ahuincopa, cuyo reinado se sentaba en la zona de lo que hoy se conoce como&nbsp;Acoria.<\/strong><\/span><\/p><p><span style=\"color: #99006b;\"><strong>A diferencia de otras regiones y ciudades del Per\u00fa en que la conquista deja las huellas de su influencia,&nbsp;Huancavelica solo fue un sitio de paso&nbsp;y de explotaci\u00f3n del azogue conocido por los nativos como llimpi para los espa\u00f1oles que invad\u00edan el imperio, quedando al margen de los beneficios que se otorgaron a otras ciudades.<\/strong><\/span><\/p><p><span style=\"color: #99006b;\"><strong>Fue en el virreinato que se descubren las minas de azogue de Santa B\u00e1rbara y su destino cambia radicalmente, convirti\u00e9ndose en uno de los m\u00e1s famosos centros mineros de su tiempo. Tal fue su apogeo que el Virrey Toledo la Croix calific\u00f3 a sus minas como la \"maravilla m\u00e1s grande del mundo\". Sin embargo, su esplendor se fue apagando hacia el siglo XVIII cuando se produjeron derrumbes en dicho yacimiento y los trabajos se fueron paralizando debido a las dif\u00edciles condiciones de producci\u00f3n.<\/strong><\/span><\/p><p><span style=\"color: #99006b;\"><strong>La p\u00e9rdida del esplendor econ\u00f3mico y social no fue obst\u00e1culo para que sus hijos abrazaran fervorosamente la causa de la libertad. Con actitud valiente y decidida se levantaron en armas contra las autoridades espa\u00f1olas, apoyando la revoluci\u00f3n de Pumacahua.<\/strong><\/span><\/p><p><span style=\"color: #99006b;\"><strong>Al proclamarse la independencia del Per\u00fa, Huancavelica formaba parte de la Intendencia de Huamanga. Al reglamentar el general Jos\u00e9 de San Mart\u00edn las elecciones para diputados, se le reconoce con la categor\u00eda de departamento. Era el 26 de abril de 1822, sin embargo a\u00f1os despu\u00e9s se le quita esa designaci\u00f3n, al considerarse que ten\u00eda poca poblaci\u00f3n. Fue en el segundo gobierno de Gamarra que se restablece esa categor\u00eda y se dispone llamarla \"Ilustre Ciudad\". Ello ocurri\u00f3 el 5 de noviembre de 1839.<\/strong><\/span><\/p><strong style=\"color: rgb(153, 0, 107);\">Uno de los hijos ilustres fue Daniel Hern\u00e1ndez, nacido en la hacienda Urpay de la provincia de Tayacaja, quien fund\u00f3 la Escuela Nacional de Bellas Artes y fue su director hasta el d\u00eda de su muerte.<\/strong><br><br><p style=\"padding-left: 440px;\"><span style=\"color: #99006b;\"><strong>Origen de la palabra Huancavelica<\/strong><\/span><\/p><br><p><span style=\"color: #99006b;\"><strong>Diversas versiones se dan acerca de la verdadera etimolog\u00eda de la palabra Huancavelica, como ocurre con la mayor\u00eda de nuestras m\u00e1s antiguas regiones y ciudades. Al respecto se mencionan las siguientes:<\/strong><\/span><\/p><ul><li><span style=\"color: #99006b;\"><strong>- Fray Mart\u00edn de Mor\u00faa dice que un jefe Huanca sostuvo una gran batalla al lado de un cerro llamado Vilca.<\/strong><\/span><\/li><li><span style=\"color: #99006b;\"><strong>- Mario Felipe Paz Sold\u00e1n afirma que la palabra viene de Huanca y Vilca, que significa adoratorio del sol construido con piedras grandes.<\/strong><\/span><\/li><li><span style=\"color: #99006b;\"><strong>- Garcilazo anota que a la provincia Huanca le a\u00f1adieron Uillca (grandeza).<\/strong><\/span><\/li><li><span style=\"color: #99006b;\"><strong>- Se recoge tambi\u00e9;n la versi\u00f3n de Huanca (piedra) y Huillca (Sagrado).<\/strong><\/span><\/li><li><span style=\"color: #99006b;\"><strong>- Otra que proviene de famoso curaca chanca Wanko Huillca.<\/strong><\/span><\/li><li style=\"margin-bottom: 0px;\"><span style=\"color: #99006b;\"><strong>- Pero la m\u00e1s generalizada es la que relaciona el nombre de una mujer huanca llamada Isabel a la que todos conoc\u00edan por Belica. Al referirse a ella siempre le dec\u00edan la \u201cHuanca Belica\u201d.<\/strong><\/span><\/li><\/ul><\/h2>\t\t<\/div>\n\t\t\t\t<\/div>\n\t\t\t\t\t<\/div>\n\t\t<\/div>\n\t\t\t\t\t<\/div>\n\t\t<\/section>\n\t\t\t\t<\/div>","protected":false},"excerpt":{"rendered":"<p>La Regi\u00f3n de Huancavelica se encuentra ubicada en plena sierra sur-central del Per\u00fa. Presenta una topograf\u00eda accidentada que la ubica encerrada entre altas monta\u00f1as y&hellip;<\/p>","protected":false},"author":6,"featured_media":0,"parent":0,"menu_order":0,"comment_status":"closed","ping_status":"closed","template":"","meta":{"_acf_changed":false,"footnotes":""},"class_list":["post-678","page","type-page","status-publish","hentry"],"acf":[],"_links":{"self":[{"href":"https:\/\/www.munihuancavelica.gob.pe\/index.php?rest_route=\/wp\/v2\/pages\/678","targetHints":{"allow":["GET"]}}],"collection":[{"href":"https:\/\/www.munihuancavelica.gob.pe\/index.php?rest_route=\/wp\/v2\/pages"}],"about":[{"href":"https:\/\/www.munihuancavelica.gob.pe\/index.php?rest_route=\/wp\/v2\/types\/page"}],"author":[{"embeddable":true,"href":"https:\/\/www.munihuancavelica.gob.pe\/index.php?rest_route=\/wp\/v2\/users\/6"}],"replies":[{"embeddable":true,"href":"https:\/\/www.munihuancavelica.gob.pe\/index.php?rest_route=%2Fwp%2Fv2%2Fcomments&post=678"}],"version-history":[{"count":27,"href":"https:\/\/www.munihuancavelica.gob.pe\/index.php?rest_route=\/wp\/v2\/pages\/678\/revisions"}],"predecessor-version":[{"id":12901,"href":"https:\/\/www.munihuancavelica.gob.pe\/index.php?rest_route=\/wp\/v2\/pages\/678\/revisions\/12901"}],"wp:attachment":[{"href":"https:\/\/www.munihuancavelica.gob.pe\/index.php?rest_route=%2Fwp%2Fv2%2Fmedia&parent=678"}],"curies":[{"name":"wp","href":"https:\/\/api.w.org\/{rel}","templated":true}]}}